{"id":868,"date":"2023-12-08T14:48:34","date_gmt":"2023-12-08T14:48:34","guid":{"rendered":"http:\/\/civico24.it\/?page_id=17"},"modified":"2025-10-22T14:55:47","modified_gmt":"2025-10-22T12:55:47","slug":"chi-siamo","status":"publish","type":"page","link":"https:\/\/civico24.it\/en\/chi-siamo\/","title":{"rendered":"Chi Siamo"},"content":{"rendered":"<p><div class=\"fusion-fullwidth fullwidth-box fusion-builder-row-1 fusion-flex-container has-pattern-background has-mask-background fusion-parallax-none nonhundred-percent-fullwidth non-hundred-percent-height-scrolling lazyload fusion-animated fusion-custom-z-index\" style=\"--awb-background-position:center top;--awb-border-radius-top-left:0px;--awb-border-radius-top-right:0px;--awb-border-radius-bottom-right:0px;--awb-border-radius-bottom-left:0px;--awb-z-index:0;--awb-padding-top:150px;--awb-padding-bottom:150px;--awb-padding-top-small:90px;--awb-padding-bottom-small:90px;--awb-margin-top:0px;--awb-background-image:linear-gradient(180deg, hsla(var(--awb-color8-h),var(--awb-color8-s),var(--awb-color8-l),calc(var(--awb-color8-a) - 40%)) 0%,hsla(var(--awb-color3-h),calc(var(--awb-color3-s) + 45%),calc(var(--awb-color3-l) - 46%),calc(var(--awb-color3-a) - 40%)) 100%);;--awb-background-size:cover;--awb-flex-wrap:wrap;--awb-animation-color:var(--awb-color8);\" data-bg=\"http:\/\/civico24.it\/wp-content\/uploads\/2025\/10\/slide-homepage-civico24.png\" data-bg-gradient=\"linear-gradient(180deg, hsla(var(--awb-color8-h),var(--awb-color8-s),var(--awb-color8-l),calc(var(--awb-color8-a) - 40%)) 0%,hsla(var(--awb-color3-h),calc(var(--awb-color3-s) + 45%),calc(var(--awb-color3-l) - 46%),calc(var(--awb-color3-a) - 40%)) 100%)\" data-animationtype=\"revealInLeft\" data-animationduration=\"1.3\" data-animationoffset=\"top-into-view\" ><div class=\"fusion-builder-row fusion-row fusion-flex-align-items-flex-start fusion-flex-justify-content-center fusion-flex-content-wrap\" style=\"max-width:1526.72px;margin-left: calc(-4% \/ 2 );margin-right: calc(-4% \/ 2 );\"><div class=\"fusion-layout-column fusion_builder_column fusion-builder-column-0 fusion_builder_column_2_3 2_3 fusion-flex-column fusion-animated\" style=\"--awb-bg-size:cover;--awb-width-large:66.666666666667%;--awb-margin-top-large:0px;--awb-spacing-right-large:2.88%;--awb-margin-bottom-large:0px;--awb-spacing-left-large:2.88%;--awb-width-medium:100%;--awb-order-medium:0;--awb-spacing-right-medium:1.92%;--awb-spacing-left-medium:1.92%;--awb-width-small:100%;--awb-order-small:0;--awb-spacing-right-small:1.92%;--awb-spacing-left-small:1.92%;\" data-animationtype=\"fadeInUp\" data-animationduration=\"0.3\" data-animationoffset=\"top-into-view\"><div class=\"fusion-column-wrapper fusion-column-has-shadow fusion-flex-justify-content-flex-start fusion-content-layout-column\"><div class=\"fusion-title title fusion-title-1 fusion-sep-none fusion-title-center fusion-title-text fusion-title-size-one\" style=\"--awb-text-color:var(--awb-color1);--awb-margin-top:0px;--awb-margin-right:5%;--awb-margin-bottom:20px;--awb-margin-left:5%;--awb-margin-top-small:0px;\"><h1 class=\"fusion-title-heading title-heading-center\" style=\"margin:0;text-transform:uppercase;\">Chi Siamo<\/h1><\/div><div class=\"fusion-text fusion-text-1 fusion-text-no-margin\" style=\"--awb-content-alignment:center;--awb-text-color:var(--awb-color1);--awb-margin-right:20%;--awb-margin-left:20%;\"><p>Scopri la nostra storia<\/p>\n<\/div><\/div><\/div><\/div><\/div><div class=\"fusion-fullwidth fullwidth-box fusion-builder-row-2 fusion-flex-container has-pattern-background has-mask-background nonhundred-percent-fullwidth non-hundred-percent-height-scrolling\" style=\"--awb-border-radius-top-left:0px;--awb-border-radius-top-right:0px;--awb-border-radius-bottom-right:0px;--awb-border-radius-bottom-left:0px;--awb-padding-top:68px;--awb-padding-bottom:0px;--awb-padding-top-small:60px;--awb-padding-bottom-small:60px;--awb-background-color:var(--awb-color2);--awb-flex-wrap:wrap;\" ><div class=\"awb-background-mask\" style=\"background-image:  url(data:image\/svg+xml;utf8,%3Csvg%20width%3D%221920%22%20height%3D%22954%22%20fill%3D%22none%22%20xmlns%3D%22http%3A%2F%2Fwww.w3.org%2F2000%2Fsvg%22%3E%3Cg%20clip-path%3D%22url%28%23prefix__clip0_58_766%29%22%20fill%3D%22rgba%28183%2C97%2C219%2C1%29%22%3E%3Cpath%20d%3D%22M1802.38%2073.292l-734.85%20424.264L1491.8%201232.4l734.84-424.262-424.26-734.846zM42.778-322.354L-169.354%2045.069l367.423%20212.132%20212.132-367.423L42.778-322.354zM649.936%20856.556l18.301-68.301%2068.302%2018.301-18.302%2068.301-68.301-18.301z%22%2F%3E%3C%2Fg%3E%3Cdefs%3E%3CclipPath%20id%3D%22prefix__clip0_58_766%22%3E%3Cpath%20fill%3D%22%23fff%22%20d%3D%22M0%200h1920v954H0z%22%2F%3E%3C%2FclipPath%3E%3C%2Fdefs%3E%3C%2Fsvg%3E);\"><\/div><div class=\"fusion-builder-row fusion-row fusion-flex-align-items-flex-start fusion-flex-content-wrap\" style=\"max-width:1526.72px;margin-left: calc(-4% \/ 2 );margin-right: calc(-4% \/ 2 );\"><div class=\"fusion-layout-column fusion_builder_column fusion-builder-column-1 fusion_builder_column_1_2 1_2 fusion-flex-column\" style=\"--awb-bg-size:cover;--awb-width-large:50%;--awb-margin-top-large:0px;--awb-spacing-right-large:3.84%;--awb-margin-bottom-large:0px;--awb-spacing-left-large:3.84%;--awb-width-medium:50%;--awb-order-medium:0;--awb-spacing-right-medium:3.84%;--awb-spacing-left-medium:3.84%;--awb-width-small:100%;--awb-order-small:0;--awb-spacing-right-small:1.92%;--awb-spacing-left-small:1.92%;\"><div class=\"fusion-column-wrapper fusion-column-has-shadow fusion-flex-justify-content-flex-start fusion-content-layout-column\"><div class=\"fusion-title title fusion-title-2 fusion-sep-none fusion-title-text fusion-title-size-one\"><h1 class=\"fusion-title-heading title-heading-left\" style=\"margin:0;\">Su di noi<\/h1><\/div><div class=\"fusion-text fusion-text-2\"><p data-start=\"410\" data-end=\"748\"><strong style=\"background-color: rgba(0, 0, 0, 0);\" data-start=\"410\" data-end=\"423\">Civico 24<\/strong><span style=\"background-color: rgba(0, 0, 0, 0);\"> nasce dalla passione per lo <\/span><strong style=\"background-color: rgba(0, 0, 0, 0);\" data-start=\"452\" data-end=\"471\">streetwear vero<\/strong><span style=\"background-color: rgba(0, 0, 0, 0);\">, quello che parte dalla strada e arriva alle persone che vivono la citt\u00e0 ogni giorno.<\/span><\/p>\n<p data-start=\"410\" data-end=\"748\">Nel nostro store trovi una <strong data-start=\"587\" data-end=\"642\">selezione curata di brand italiani e internazionali<\/strong> che rappresentano la nuova scena urbana:<\/p>\n<p style=\"text-align: center;\" data-start=\"410\" data-end=\"748\"><strong>DUCA HOMME &#8211; FICKO &#8211; CIANOTIC &#8211; LUXX &#8211; PRIMID<\/strong> <\/p>\n<p><b><\/b>Da noi non si parla solo di vestiti, ma di <strong data-start=\"793\" data-end=\"810\">atteggiamento<\/strong>, di <strong data-start=\"815\" data-end=\"827\">identit\u00e0<\/strong> e di <strong data-start=\"833\" data-end=\"851\">modo di vivere<\/strong>. Ogni capo \u00e8 pensato per chi non segue le mode, ma le crea.<\/p>\n<p data-start=\"750\" data-end=\"1126\">Completano la nostra proposta le <strong data-start=\"947\" data-end=\"972\">sneakers pi\u00f9 iconiche<\/strong> \u2014 da <strong data-start=\"978\" data-end=\"1009\">Jordan a Nike e New Balance<\/strong> \u2014 e <strong data-start=\"1014\" data-end=\"1037\">accessori originali<\/strong> come i cappelli <strong data-start=\"1054\" data-end=\"1065\">New Era<\/strong>, per un look che racconta chi sei senza bisogno di parole.<\/p>\n<p data-start=\"1128\" data-end=\"1321\"><strong data-start=\"1128\" data-end=\"1141\">Civico 24<\/strong> \u00e8 pi\u00f9 di un negozio: \u00e8 una community, un punto di riferimento per chi vive lo streetstyle con autenticit\u00e0.<br data-start=\"1248\" data-end=\"1251\">Qui non si compra uno stile.<\/p>\n<p data-start=\"1128\" data-end=\"1321\"><strong data-start=\"1280\" data-end=\"1321\">Lo si costruisce, giorno dopo giorno.<\/strong><\/p>\n<\/div><\/div><\/div><div class=\"fusion-layout-column fusion_builder_column fusion-builder-column-2 fusion_builder_column_1_2 1_2 fusion-flex-column\" style=\"--awb-bg-size:cover;--awb-width-large:50%;--awb-margin-top-large:0px;--awb-spacing-right-large:3.84%;--awb-margin-bottom-large:0px;--awb-spacing-left-large:3.84%;--awb-width-medium:50%;--awb-order-medium:0;--awb-spacing-right-medium:3.84%;--awb-spacing-left-medium:3.84%;--awb-width-small:100%;--awb-order-small:0;--awb-spacing-right-small:1.92%;--awb-spacing-left-small:1.92%;\"><div class=\"fusion-column-wrapper fusion-column-has-shadow fusion-flex-justify-content-flex-start fusion-content-layout-column\"><div class=\"fusion-image-element\" style=\"--awb-mask-url: url(https:\/\/civico24.it\/wp-content\/plugins\/fusion-builder\/\/assets\/images\/masks\/mask-3.svg);--awb-mask-position: top left;--awb-caption-title-font-family:var(--h2_typography-font-family);--awb-caption-title-font-weight:var(--h2_typography-font-weight);--awb-caption-title-font-style:var(--h2_typography-font-style);--awb-caption-title-size:var(--h2_typography-font-size);--awb-caption-title-transform:var(--h2_typography-text-transform);--awb-caption-title-line-height:var(--h2_typography-line-height);--awb-caption-title-letter-spacing:var(--h2_typography-letter-spacing);\"><span class=\"fusion-imageframe imageframe-none imageframe-1 hover-type-none has-mask\"><img decoding=\"async\" width=\"1024\" height=\"1536\" title=\"civico 24 abbigliamento negozio\" src=\"https:\/\/civico24.it\/wp-content\/uploads\/2025\/10\/civico-24-abbigliamento-negozio.png\" data-orig-src=\"http:\/\/civico24.it\/wp-content\/uploads\/2025\/10\/civico-24-abbigliamento-negozio.png\" alt class=\"lazyload img-responsive wp-image-952\" srcset=\"data:image\/svg+xml,%3Csvg%20xmlns%3D%27http%3A%2F%2Fwww.w3.org%2F2000%2Fsvg%27%20width%3D%271024%27%20height%3D%271536%27%20viewBox%3D%270%200%201024%201536%27%3E%3Crect%20width%3D%271024%27%20height%3D%271536%27%20fill-opacity%3D%220%22%2F%3E%3C%2Fsvg%3E\" data-srcset=\"https:\/\/civico24.it\/wp-content\/uploads\/2025\/10\/civico-24-abbigliamento-negozio-200x300.png 200w, https:\/\/civico24.it\/wp-content\/uploads\/2025\/10\/civico-24-abbigliamento-negozio-400x600.png 400w, https:\/\/civico24.it\/wp-content\/uploads\/2025\/10\/civico-24-abbigliamento-negozio-600x900.png 600w, https:\/\/civico24.it\/wp-content\/uploads\/2025\/10\/civico-24-abbigliamento-negozio-800x1200.png 800w, https:\/\/civico24.it\/wp-content\/uploads\/2025\/10\/civico-24-abbigliamento-negozio.png 1024w\" data-sizes=\"auto\" data-orig-sizes=\"(max-width: 640px) 100vw, 800px\" \/><\/span><\/div><\/div><\/div><\/div><\/div><\/p>","protected":false},"excerpt":{"rendered":"","protected":false},"author":1,"featured_media":0,"parent":0,"menu_order":0,"comment_status":"closed","ping_status":"closed","template":"100-width.php","meta":{"footnotes":""},"class_list":["post-868","page","type-page","status-publish","hentry"],"_links":{"self":[{"href":"https:\/\/civico24.it\/en\/wp-json\/wp\/v2\/pages\/868","targetHints":{"allow":["GET"]}}],"collection":[{"href":"https:\/\/civico24.it\/en\/wp-json\/wp\/v2\/pages"}],"about":[{"href":"https:\/\/civico24.it\/en\/wp-json\/wp\/v2\/types\/page"}],"author":[{"embeddable":true,"href":"https:\/\/civico24.it\/en\/wp-json\/wp\/v2\/users\/1"}],"replies":[{"embeddable":true,"href":"https:\/\/civico24.it\/en\/wp-json\/wp\/v2\/comments?post=868"}],"version-history":[{"count":10,"href":"https:\/\/civico24.it\/en\/wp-json\/wp\/v2\/pages\/868\/revisions"}],"predecessor-version":[{"id":1025,"href":"https:\/\/civico24.it\/en\/wp-json\/wp\/v2\/pages\/868\/revisions\/1025"}],"wp:attachment":[{"href":"https:\/\/civico24.it\/en\/wp-json\/wp\/v2\/media?parent=868"}],"curies":[{"name":"wp","href":"https:\/\/api.w.org\/{rel}","templated":true}]}}